{"id":277,"date":"2022-04-17T20:13:59","date_gmt":"2022-04-17T19:13:59","guid":{"rendered":"https:\/\/coachconsult.as\/?page_id=277"},"modified":"2025-09-02T13:52:52","modified_gmt":"2025-09-02T12:52:52","slug":"coachconsult","status":"publish","type":"page","link":"https:\/\/coachconsult.as\/","title":{"rendered":"CoachConsult &#8211; coaching, ledelse og karrierr\u00e5dgivning"},"content":{"rendered":"\n<figure class=\"wp-block-image size-large is-resized\"><img data-recalc-dims=\"1\" loading=\"lazy\" decoding=\"async\" width=\"840\" height=\"473\" src=\"https:\/\/i0.wp.com\/coachconsult.as\/wp-content\/uploads\/2020\/08\/20140923_154311.jpg?resize=840%2C473&#038;ssl=1\" alt=\"CoachConsult hjelper deg med karrierer\u00e5dgivning, coaching og personlig utvikling. F\u00e5 r\u00e5d om jobbs\u00f8king, karrierevalg og lederutvikling\" class=\"wp-image-19\"\/><\/figure>\n\n\n\n<p><\/p>\n\n\n\n<p>Her har jeg samlet noen refleksjoner rundt ledelse, selvledelse og teamarbeid. Disse tankene har kommet til meg gjennom mitt arbeid  som coachmed lederutvikling og i team sammen med mennesker i ulike og krevende jobbmessige situasjoner og gjennom noe av den mangfoldige litteraturen p\u00e5 omr\u00e5det.<\/p>\n\n\n\n<p>Jeg h\u00e5per disse tankene kan inspirere til og kanskje korrigere adferd og m\u00f8nstre i ditt m\u00f8te med andre mennesker. Siden oppdateres med nye, korte artikler fra tid til annen.<\/p>\n\n\n\n<p>&#8211; May Britt<\/p>\n\n\n\n<div class=\"wp-block-buttons is-content-justification-center is-layout-flex wp-container-core-buttons-is-layout-16018d1d wp-block-buttons-is-layout-flex\">\n<div class=\"wp-block-button\"><a class=\"wp-block-button__link wp-element-button\" href=\"https:\/\/coachconsult.as\/index.php\/blog\/\">Les bloggen her<\/a><\/div>\n<\/div>\n\n\n\n<p><\/p>\n\n\n\n<p><\/p>\n\n\n\n<p><\/p>\n\n\n\n<p><\/p>\n","protected":false},"excerpt":{"rendered":"<p>CoachConsult hjelper deg med karrierer\u00e5dgivning, coaching og personlig utvikling. F\u00e5 r\u00e5d om jobbs\u00f8king, karrierevalg og lederutvikling<\/p>\n","protected":false},"author":1,"featured_media":194,"parent":0,"menu_order":0,"comment_status":"closed","ping_status":"closed","template":"","meta":{"footnotes":""},"class_list":["post-277","page","type-page","status-publish","has-post-thumbnail","hentry","latest_post"],"yoast_head":"<!-- This site is optimized with the Yoast SEO plugin v26.9 - https:\/\/yoast.com\/product\/yoast-seo-wordpress\/ -->\n<title>CoachConsult - coaching, ledelse og karrierr\u00e5dgivning - Lederutvikling, omstilling og karriere | Oslo og Bergen<\/title>\n<meta name=\"description\" content=\"I tillegg til coaching tilbyr CoachConsult ogs\u00e5 lederutvikling, mentoring, karrierer\u00e5dgivning og konsulenttjenester.\" \/>\n<meta name=\"robots\" content=\"index, follow, max-snippet:-1, max-image-preview:large, max-video-preview:-1\" \/>\n<link rel=\"canonical\" href=\"https:\/\/coachconsult.as\/\" \/>\n<meta property=\"og:locale\" content=\"nb_NO\" \/>\n<meta property=\"og:type\" content=\"article\" \/>\n<meta property=\"og:title\" content=\"CoachConsult - coaching, ledelse og karrierr\u00e5dgivning - Lederutvikling, omstilling og karriere | Oslo og Bergen\" \/>\n<meta property=\"og:description\" content=\"I tillegg til coaching tilbyr CoachConsult ogs\u00e5 lederutvikling, mentoring, karrierer\u00e5dgivning og konsulenttjenester.\" \/>\n<meta property=\"og:url\" content=\"https:\/\/coachconsult.as\/\" \/>\n<meta property=\"og:site_name\" content=\"Lederutvikling, omstilling og karriere | Oslo og Bergen\" \/>\n<meta property=\"article:publisher\" content=\"https:\/\/www.facebook.com\/coachconsultas\" \/>\n<meta property=\"article:modified_time\" content=\"2025-09-02T12:52:52+00:00\" \/>\n<meta property=\"og:image\" content=\"https:\/\/coachconsult.as\/wp-content\/uploads\/2020\/08\/cropped-cropped-cropped-logo-1024-500-e1596645785879-2.jpg\" \/>\n\t<meta property=\"og:image:width\" content=\"314\" \/>\n\t<meta property=\"og:image:height\" content=\"69\" \/>\n\t<meta property=\"og:image:type\" content=\"image\/jpeg\" \/>\n<meta name=\"twitter:card\" content=\"summary_large_image\" \/>\n<meta name=\"twitter:site\" content=\"@consult_coach\" \/>\n<meta name=\"twitter:label1\" content=\"Ansl. lesetid\" \/>\n\t<meta name=\"twitter:data1\" content=\"1 minutt\" \/>\n<script type=\"application\/ld+json\" class=\"yoast-schema-graph\">{\"@context\":\"https:\/\/schema.org\",\"@graph\":[{\"@type\":\"WebPage\",\"@id\":\"https:\/\/coachconsult.as\/\",\"url\":\"https:\/\/coachconsult.as\/\",\"name\":\"CoachConsult - coaching, ledelse og karrierr\u00e5dgivning - Lederutvikling, omstilling og karriere | Oslo og Bergen\",\"isPartOf\":{\"@id\":\"https:\/\/coachconsult.as\/#website\"},\"primaryImageOfPage\":{\"@id\":\"https:\/\/coachconsult.as\/#primaryimage\"},\"image\":{\"@id\":\"https:\/\/coachconsult.as\/#primaryimage\"},\"thumbnailUrl\":\"https:\/\/i0.wp.com\/coachconsult.as\/wp-content\/uploads\/2020\/08\/cropped-cropped-cropped-logo-1024-500-e1596645785879-2.jpg?fit=314%2C69&ssl=1\",\"datePublished\":\"2022-04-17T19:13:59+00:00\",\"dateModified\":\"2025-09-02T12:52:52+00:00\",\"description\":\"I tillegg til coaching tilbyr CoachConsult ogs\u00e5 lederutvikling, mentoring, karrierer\u00e5dgivning og konsulenttjenester.\",\"breadcrumb\":{\"@id\":\"https:\/\/coachconsult.as\/#breadcrumb\"},\"inLanguage\":\"nb-NO\",\"potentialAction\":[{\"@type\":\"ReadAction\",\"target\":[\"https:\/\/coachconsult.as\/\"]}]},{\"@type\":\"ImageObject\",\"inLanguage\":\"nb-NO\",\"@id\":\"https:\/\/coachconsult.as\/#primaryimage\",\"url\":\"https:\/\/i0.wp.com\/coachconsult.as\/wp-content\/uploads\/2020\/08\/cropped-cropped-cropped-logo-1024-500-e1596645785879-2.jpg?fit=314%2C69&ssl=1\",\"contentUrl\":\"https:\/\/i0.wp.com\/coachconsult.as\/wp-content\/uploads\/2020\/08\/cropped-cropped-cropped-logo-1024-500-e1596645785879-2.jpg?fit=314%2C69&ssl=1\",\"width\":314,\"height\":69},{\"@type\":\"BreadcrumbList\",\"@id\":\"https:\/\/coachconsult.as\/#breadcrumb\",\"itemListElement\":[{\"@type\":\"ListItem\",\"position\":1,\"name\":\"Hjem\",\"item\":\"https:\/\/coachconsult.as\/\"},{\"@type\":\"ListItem\",\"position\":2,\"name\":\"CoachConsult &#8211; coaching, ledelse og karrierr\u00e5dgivning\"}]},{\"@type\":\"WebSite\",\"@id\":\"https:\/\/coachconsult.as\/#website\",\"url\":\"https:\/\/coachconsult.as\/\",\"name\":\"CoachConsult - team- og lederutvikling\",\"description\":\"\",\"publisher\":{\"@id\":\"https:\/\/coachconsult.as\/#organization\"},\"potentialAction\":[{\"@type\":\"SearchAction\",\"target\":{\"@type\":\"EntryPoint\",\"urlTemplate\":\"https:\/\/coachconsult.as\/?s={search_term_string}\"},\"query-input\":{\"@type\":\"PropertyValueSpecification\",\"valueRequired\":true,\"valueName\":\"search_term_string\"}}],\"inLanguage\":\"nb-NO\"},{\"@type\":\"Organization\",\"@id\":\"https:\/\/coachconsult.as\/#organization\",\"name\":\"CoachConsult\",\"url\":\"https:\/\/coachconsult.as\/\",\"logo\":{\"@type\":\"ImageObject\",\"inLanguage\":\"nb-NO\",\"@id\":\"https:\/\/coachconsult.as\/#\/schema\/logo\/image\/\",\"url\":\"https:\/\/coachconsult.as\/wp-content\/uploads\/2020\/08\/cropped-cropped-cropped-logo-1024-500-e1596645785879-2.jpg\",\"contentUrl\":\"https:\/\/coachconsult.as\/wp-content\/uploads\/2020\/08\/cropped-cropped-cropped-logo-1024-500-e1596645785879-2.jpg\",\"width\":314,\"height\":69,\"caption\":\"CoachConsult\"},\"image\":{\"@id\":\"https:\/\/coachconsult.as\/#\/schema\/logo\/image\/\"},\"sameAs\":[\"https:\/\/www.facebook.com\/coachconsultas\",\"https:\/\/x.com\/consult_coach\",\"https:\/\/www.instagram.com\/coachconsultmaybritt\/\",\"https:\/\/www.linkedin.com\/in\/may-britt-slaaen-704260\/\"]}]}<\/script>\n<!-- \/ Yoast SEO plugin. -->","yoast_head_json":{"title":"CoachConsult - coaching, ledelse og karrierr\u00e5dgivning - Lederutvikling, omstilling og karriere | Oslo og Bergen","description":"I tillegg til coaching tilbyr CoachConsult ogs\u00e5 lederutvikling, mentoring, karrierer\u00e5dgivning og konsulenttjenester.","robots":{"index":"index","follow":"follow","max-snippet":"max-snippet:-1","max-image-preview":"max-image-preview:large","max-video-preview":"max-video-preview:-1"},"canonical":"https:\/\/coachconsult.as\/","og_locale":"nb_NO","og_type":"article","og_title":"CoachConsult - coaching, ledelse og karrierr\u00e5dgivning - Lederutvikling, omstilling og karriere | Oslo og Bergen","og_description":"I tillegg til coaching tilbyr CoachConsult ogs\u00e5 lederutvikling, mentoring, karrierer\u00e5dgivning og konsulenttjenester.","og_url":"https:\/\/coachconsult.as\/","og_site_name":"Lederutvikling, omstilling og karriere | Oslo og Bergen","article_publisher":"https:\/\/www.facebook.com\/coachconsultas","article_modified_time":"2025-09-02T12:52:52+00:00","og_image":[{"width":314,"height":69,"url":"https:\/\/coachconsult.as\/wp-content\/uploads\/2020\/08\/cropped-cropped-cropped-logo-1024-500-e1596645785879-2.jpg","type":"image\/jpeg"}],"twitter_card":"summary_large_image","twitter_site":"@consult_coach","twitter_misc":{"Ansl. lesetid":"1 minutt"},"schema":{"@context":"https:\/\/schema.org","@graph":[{"@type":"WebPage","@id":"https:\/\/coachconsult.as\/","url":"https:\/\/coachconsult.as\/","name":"CoachConsult - coaching, ledelse og karrierr\u00e5dgivning - Lederutvikling, omstilling og karriere | Oslo og Bergen","isPartOf":{"@id":"https:\/\/coachconsult.as\/#website"},"primaryImageOfPage":{"@id":"https:\/\/coachconsult.as\/#primaryimage"},"image":{"@id":"https:\/\/coachconsult.as\/#primaryimage"},"thumbnailUrl":"https:\/\/i0.wp.com\/coachconsult.as\/wp-content\/uploads\/2020\/08\/cropped-cropped-cropped-logo-1024-500-e1596645785879-2.jpg?fit=314%2C69&ssl=1","datePublished":"2022-04-17T19:13:59+00:00","dateModified":"2025-09-02T12:52:52+00:00","description":"I tillegg til coaching tilbyr CoachConsult ogs\u00e5 lederutvikling, mentoring, karrierer\u00e5dgivning og konsulenttjenester.","breadcrumb":{"@id":"https:\/\/coachconsult.as\/#breadcrumb"},"inLanguage":"nb-NO","potentialAction":[{"@type":"ReadAction","target":["https:\/\/coachconsult.as\/"]}]},{"@type":"ImageObject","inLanguage":"nb-NO","@id":"https:\/\/coachconsult.as\/#primaryimage","url":"https:\/\/i0.wp.com\/coachconsult.as\/wp-content\/uploads\/2020\/08\/cropped-cropped-cropped-logo-1024-500-e1596645785879-2.jpg?fit=314%2C69&ssl=1","contentUrl":"https:\/\/i0.wp.com\/coachconsult.as\/wp-content\/uploads\/2020\/08\/cropped-cropped-cropped-logo-1024-500-e1596645785879-2.jpg?fit=314%2C69&ssl=1","width":314,"height":69},{"@type":"BreadcrumbList","@id":"https:\/\/coachconsult.as\/#breadcrumb","itemListElement":[{"@type":"ListItem","position":1,"name":"Hjem","item":"https:\/\/coachconsult.as\/"},{"@type":"ListItem","position":2,"name":"CoachConsult &#8211; coaching, ledelse og karrierr\u00e5dgivning"}]},{"@type":"WebSite","@id":"https:\/\/coachconsult.as\/#website","url":"https:\/\/coachconsult.as\/","name":"CoachConsult - team- og lederutvikling","description":"","publisher":{"@id":"https:\/\/coachconsult.as\/#organization"},"potentialAction":[{"@type":"SearchAction","target":{"@type":"EntryPoint","urlTemplate":"https:\/\/coachconsult.as\/?s={search_term_string}"},"query-input":{"@type":"PropertyValueSpecification","valueRequired":true,"valueName":"search_term_string"}}],"inLanguage":"nb-NO"},{"@type":"Organization","@id":"https:\/\/coachconsult.as\/#organization","name":"CoachConsult","url":"https:\/\/coachconsult.as\/","logo":{"@type":"ImageObject","inLanguage":"nb-NO","@id":"https:\/\/coachconsult.as\/#\/schema\/logo\/image\/","url":"https:\/\/coachconsult.as\/wp-content\/uploads\/2020\/08\/cropped-cropped-cropped-logo-1024-500-e1596645785879-2.jpg","contentUrl":"https:\/\/coachconsult.as\/wp-content\/uploads\/2020\/08\/cropped-cropped-cropped-logo-1024-500-e1596645785879-2.jpg","width":314,"height":69,"caption":"CoachConsult"},"image":{"@id":"https:\/\/coachconsult.as\/#\/schema\/logo\/image\/"},"sameAs":["https:\/\/www.facebook.com\/coachconsultas","https:\/\/x.com\/consult_coach","https:\/\/www.instagram.com\/coachconsultmaybritt\/","https:\/\/www.linkedin.com\/in\/may-britt-slaaen-704260\/"]}]}},"jetpack_sharing_enabled":true,"jetpack-related-posts":[],"_links":{"self":[{"href":"https:\/\/coachconsult.as\/index.php\/wp-json\/wp\/v2\/pages\/277","targetHints":{"allow":["GET"]}}],"collection":[{"href":"https:\/\/coachconsult.as\/index.php\/wp-json\/wp\/v2\/pages"}],"about":[{"href":"https:\/\/coachconsult.as\/index.php\/wp-json\/wp\/v2\/types\/page"}],"author":[{"embeddable":true,"href":"https:\/\/coachconsult.as\/index.php\/wp-json\/wp\/v2\/users\/1"}],"replies":[{"embeddable":true,"href":"https:\/\/coachconsult.as\/index.php\/wp-json\/wp\/v2\/comments?post=277"}],"version-history":[{"count":15,"href":"https:\/\/coachconsult.as\/index.php\/wp-json\/wp\/v2\/pages\/277\/revisions"}],"predecessor-version":[{"id":455,"href":"https:\/\/coachconsult.as\/index.php\/wp-json\/wp\/v2\/pages\/277\/revisions\/455"}],"wp:featuredmedia":[{"embeddable":true,"href":"https:\/\/coachconsult.as\/index.php\/wp-json\/wp\/v2\/media\/194"}],"wp:attachment":[{"href":"https:\/\/coachconsult.as\/index.php\/wp-json\/wp\/v2\/media?parent=277"}],"curies":[{"name":"wp","href":"https:\/\/api.w.org\/{rel}","templated":true}]}}