{"id":62,"date":"2020-08-05T20:37:29","date_gmt":"2020-08-05T20:37:29","guid":{"rendered":"https:\/\/coachconsult.as\/index.php\/mesmerize\/"},"modified":"2025-08-25T20:30:07","modified_gmt":"2025-08-25T19:30:07","slug":"mesmerize","status":"publish","type":"page","link":"https:\/\/coachconsult.as\/index.php\/mesmerize\/","title":{"rendered":"Om CoachConsult"},"content":{"rendered":"<div id=\"overlappable-1\" class=\"overlappable-4 content-section content-section-spacing\" style=\"background-color: #ffffff;\" data-label=\"Overlappable\" data-id=\"overlappable--1\" data-export-id=\"overlappable-4\" data-category=\"overlappable\" data-overlap=\"true\">\n<div class=\"\">\n<div class=\"row spaced-cols text-center\" data-type=\"row\">\n<div class=\"col-xs-12 col-sm-4 col-padding\">\n<div class=\"\" data-type=\"column\"><\/div>\n<\/div>\n<\/div>\n<\/div>\n<\/div>\n<div id=\"latest-news-1\" class=\"blog-section blog-section-standard content-section content-section-spacing\" style=\"background-color: #ffffff; background-image: none;\" data-label=\"Latest-news\" data-id=\"blog-section\" data-export-id=\"blog-section\" data-category=\"latest_news\">\n<div class=\"\">\n<div class=\"row\">\n<div class=\"section-title-col\" data-type=\"column\">\n<h2 class=\"\">Coaching &#8211; lederutvikling og karriere<\/h2>\n<p>Ledelse kan og m\u00e5 trenes! Akkurat som faglige ferdigheter og presentasjonsteknikk m\u00e5 lederskapet utvikles. Profesjonell coaching er en effektiv m\u00e5te \u00e5 utvikle dette p\u00e5.<\/p>\n<p>I tillegg til ren coaching av enkeltpersoner, tilbyr CoachConsult ogs\u00e5 annen lederutvikling, r\u00e5dgivning, mentoring og konsulenttjenester knyttet til blant annet karriere og omstilling.<\/p>\n<p>CoachConsult bist\u00e5r kunder over hele landet, men med hovedvekt p\u00e5 Bergen og Oslo.<\/p>\n<p>.<span style=\"color: revert; font-size: 30px; font-weight: bold;\">CoachConsult<\/span><\/p>\n<\/div>\n<\/div>\n<\/div>\n<\/div>\n<div id=\"team-2\" class=\"team-2 content-section content-section-spacing\" style=\"background-color: #ffffff; background-image: none;\" data-label=\"Team\" data-id=\"team-2\" data-export-id=\"team-2\" data-category=\"team\">\n<div class=\"gridContainer\">\n<div class=\"row text-center\">\n<div class=\"section-title-col\" data-type=\"column\">\n<p class=\"lead\">May Britt Slaaen har jobbet som profesjonell coach i over 20 \u00e5r. Hun har hatt oppdrag for en rekke sm\u00e5 og store virksomheter innenfor privat og offentlig sektor. Hovedfokus har v\u00e6rt p\u00e5 lederutvikling, team- og organisasjonsutvikling.<\/p>\n<\/div>\n<\/div>\n<div class=\"row spaced-cols content-center-sm center-sm\" data-type=\"row\">\n<div class=\"col-sm-6 col-md-3\">\n<div class=\"card y-move no-padding bordered\"><a href=\"#\" rel=\"noopener noreferrer\" data-cp-link=\"1\"><img data-recalc-dims=\"1\" loading=\"lazy\" decoding=\"async\" class=\"face aligncenter\" title=\"cropped-May-Britt-Slaaen-199x300-1.jpg\" src=\"https:\/\/i0.wp.com\/coachconsult.as\/wp-content\/uploads\/2020\/08\/cropped-May-Britt-Slaaen-199x300-1.jpg?resize=199%2C254&#038;ssl=1\" alt=\"Coaching og lederutvikling\" width=\"199\" height=\"254\" \/><\/a><\/p>\n<p style=\"text-align: center;\"><span style=\"color: revert; font-size: 20px; font-weight: bold;\">May Britt Slaaen<\/span><\/p>\n<div class=\"col-padding-small col-padding-small-xs description-container\" style=\"text-align: center;\" data-type=\"column\">\n<p class=\"small\" style=\"font-style: italic;\">CPCC<\/p>\n<div class=\"social-icons-group\" data-type=\"group\"><\/div>\n<\/div>\n<\/div>\n<\/div>\n<\/div>\n<\/div>\n<\/div>\n","protected":false},"excerpt":{"rendered":"<p>Coaching &#8211; lederutvikling og karriere Ledelse kan og m\u00e5 trenes! Akkurat som faglige ferdigheter og presentasjonsteknikk m\u00e5 lederskapet utvikles. Profesjonell coaching er en effektiv m\u00e5te &hellip; <\/p>\n","protected":false},"author":1,"featured_media":0,"parent":0,"menu_order":1,"comment_status":"closed","ping_status":"closed","template":"","meta":{"footnotes":""},"class_list":["post-62","page","type-page","status-publish","hentry","latest_post"],"yoast_head":"<!-- This site is optimized with the Yoast SEO plugin v26.9 - https:\/\/yoast.com\/product\/yoast-seo-wordpress\/ -->\n<title>Om CoachConsult - Lederutvikling, omstilling og karriere | Oslo og Bergen<\/title>\n<meta name=\"description\" content=\"CoachConsult tilbyr coaching, lederutvikling, r\u00e5dgivning, mentoring og konsulenttjenester knyttet til blant annet karriere og omstilling.\" \/>\n<meta name=\"robots\" content=\"index, follow, max-snippet:-1, max-image-preview:large, max-video-preview:-1\" \/>\n<link rel=\"canonical\" href=\"https:\/\/coachconsult.as\/index.php\/mesmerize\/\" \/>\n<meta property=\"og:locale\" content=\"nb_NO\" \/>\n<meta property=\"og:type\" content=\"article\" \/>\n<meta property=\"og:title\" content=\"Om CoachConsult - Lederutvikling, omstilling og karriere | Oslo og Bergen\" \/>\n<meta property=\"og:description\" content=\"CoachConsult tilbyr coaching, lederutvikling, r\u00e5dgivning, mentoring og konsulenttjenester knyttet til blant annet karriere og omstilling.\" \/>\n<meta property=\"og:url\" content=\"https:\/\/coachconsult.as\/index.php\/mesmerize\/\" \/>\n<meta property=\"og:site_name\" content=\"Lederutvikling, omstilling og karriere | Oslo og Bergen\" \/>\n<meta property=\"article:publisher\" content=\"https:\/\/www.facebook.com\/coachconsultas\" \/>\n<meta property=\"article:modified_time\" content=\"2025-08-25T19:30:07+00:00\" \/>\n<meta property=\"og:image\" content=\"https:\/\/coachconsult.as\/wp-content\/uploads\/2020\/08\/cropped-May-Britt-Slaaen-199x300-1.jpg\" \/>\n<meta name=\"twitter:card\" content=\"summary_large_image\" \/>\n<meta name=\"twitter:site\" content=\"@consult_coach\" \/>\n<meta name=\"twitter:label1\" content=\"Ansl. lesetid\" \/>\n\t<meta name=\"twitter:data1\" content=\"1 minutt\" \/>\n<script type=\"application\/ld+json\" class=\"yoast-schema-graph\">{\"@context\":\"https:\/\/schema.org\",\"@graph\":[{\"@type\":\"WebPage\",\"@id\":\"https:\/\/coachconsult.as\/index.php\/mesmerize\/\",\"url\":\"https:\/\/coachconsult.as\/index.php\/mesmerize\/\",\"name\":\"Om CoachConsult - Lederutvikling, omstilling og karriere | Oslo og Bergen\",\"isPartOf\":{\"@id\":\"https:\/\/coachconsult.as\/#website\"},\"primaryImageOfPage\":{\"@id\":\"https:\/\/coachconsult.as\/index.php\/mesmerize\/#primaryimage\"},\"image\":{\"@id\":\"https:\/\/coachconsult.as\/index.php\/mesmerize\/#primaryimage\"},\"thumbnailUrl\":\"https:\/\/coachconsult.as\/wp-content\/uploads\/2020\/08\/cropped-May-Britt-Slaaen-199x300-1.jpg\",\"datePublished\":\"2020-08-05T20:37:29+00:00\",\"dateModified\":\"2025-08-25T19:30:07+00:00\",\"description\":\"CoachConsult tilbyr coaching, lederutvikling, r\u00e5dgivning, mentoring og konsulenttjenester knyttet til blant annet karriere og omstilling.\",\"breadcrumb\":{\"@id\":\"https:\/\/coachconsult.as\/index.php\/mesmerize\/#breadcrumb\"},\"inLanguage\":\"nb-NO\",\"potentialAction\":[{\"@type\":\"ReadAction\",\"target\":[\"https:\/\/coachconsult.as\/index.php\/mesmerize\/\"]}]},{\"@type\":\"ImageObject\",\"inLanguage\":\"nb-NO\",\"@id\":\"https:\/\/coachconsult.as\/index.php\/mesmerize\/#primaryimage\",\"url\":\"https:\/\/i0.wp.com\/coachconsult.as\/wp-content\/uploads\/2020\/08\/cropped-May-Britt-Slaaen-199x300-1.jpg?fit=199%2C254&ssl=1\",\"contentUrl\":\"https:\/\/i0.wp.com\/coachconsult.as\/wp-content\/uploads\/2020\/08\/cropped-May-Britt-Slaaen-199x300-1.jpg?fit=199%2C254&ssl=1\",\"width\":199,\"height\":254},{\"@type\":\"BreadcrumbList\",\"@id\":\"https:\/\/coachconsult.as\/index.php\/mesmerize\/#breadcrumb\",\"itemListElement\":[{\"@type\":\"ListItem\",\"position\":1,\"name\":\"Hjem\",\"item\":\"https:\/\/coachconsult.as\/\"},{\"@type\":\"ListItem\",\"position\":2,\"name\":\"Om CoachConsult\"}]},{\"@type\":\"WebSite\",\"@id\":\"https:\/\/coachconsult.as\/#website\",\"url\":\"https:\/\/coachconsult.as\/\",\"name\":\"CoachConsult - team- og lederutvikling\",\"description\":\"\",\"publisher\":{\"@id\":\"https:\/\/coachconsult.as\/#organization\"},\"potentialAction\":[{\"@type\":\"SearchAction\",\"target\":{\"@type\":\"EntryPoint\",\"urlTemplate\":\"https:\/\/coachconsult.as\/?s={search_term_string}\"},\"query-input\":{\"@type\":\"PropertyValueSpecification\",\"valueRequired\":true,\"valueName\":\"search_term_string\"}}],\"inLanguage\":\"nb-NO\"},{\"@type\":\"Organization\",\"@id\":\"https:\/\/coachconsult.as\/#organization\",\"name\":\"CoachConsult\",\"url\":\"https:\/\/coachconsult.as\/\",\"logo\":{\"@type\":\"ImageObject\",\"inLanguage\":\"nb-NO\",\"@id\":\"https:\/\/coachconsult.as\/#\/schema\/logo\/image\/\",\"url\":\"https:\/\/coachconsult.as\/wp-content\/uploads\/2020\/08\/cropped-cropped-cropped-logo-1024-500-e1596645785879-2.jpg\",\"contentUrl\":\"https:\/\/coachconsult.as\/wp-content\/uploads\/2020\/08\/cropped-cropped-cropped-logo-1024-500-e1596645785879-2.jpg\",\"width\":314,\"height\":69,\"caption\":\"CoachConsult\"},\"image\":{\"@id\":\"https:\/\/coachconsult.as\/#\/schema\/logo\/image\/\"},\"sameAs\":[\"https:\/\/www.facebook.com\/coachconsultas\",\"https:\/\/x.com\/consult_coach\",\"https:\/\/www.instagram.com\/coachconsultmaybritt\/\",\"https:\/\/www.linkedin.com\/in\/may-britt-slaaen-704260\/\"]}]}<\/script>\n<!-- \/ Yoast SEO plugin. -->","yoast_head_json":{"title":"Om CoachConsult - Lederutvikling, omstilling og karriere | Oslo og Bergen","description":"CoachConsult tilbyr coaching, lederutvikling, r\u00e5dgivning, mentoring og konsulenttjenester knyttet til blant annet karriere og omstilling.","robots":{"index":"index","follow":"follow","max-snippet":"max-snippet:-1","max-image-preview":"max-image-preview:large","max-video-preview":"max-video-preview:-1"},"canonical":"https:\/\/coachconsult.as\/index.php\/mesmerize\/","og_locale":"nb_NO","og_type":"article","og_title":"Om CoachConsult - Lederutvikling, omstilling og karriere | Oslo og Bergen","og_description":"CoachConsult tilbyr coaching, lederutvikling, r\u00e5dgivning, mentoring og konsulenttjenester knyttet til blant annet karriere og omstilling.","og_url":"https:\/\/coachconsult.as\/index.php\/mesmerize\/","og_site_name":"Lederutvikling, omstilling og karriere | Oslo og Bergen","article_publisher":"https:\/\/www.facebook.com\/coachconsultas","article_modified_time":"2025-08-25T19:30:07+00:00","og_image":[{"url":"https:\/\/coachconsult.as\/wp-content\/uploads\/2020\/08\/cropped-May-Britt-Slaaen-199x300-1.jpg","type":"","width":"","height":""}],"twitter_card":"summary_large_image","twitter_site":"@consult_coach","twitter_misc":{"Ansl. lesetid":"1 minutt"},"schema":{"@context":"https:\/\/schema.org","@graph":[{"@type":"WebPage","@id":"https:\/\/coachconsult.as\/index.php\/mesmerize\/","url":"https:\/\/coachconsult.as\/index.php\/mesmerize\/","name":"Om CoachConsult - Lederutvikling, omstilling og karriere | Oslo og Bergen","isPartOf":{"@id":"https:\/\/coachconsult.as\/#website"},"primaryImageOfPage":{"@id":"https:\/\/coachconsult.as\/index.php\/mesmerize\/#primaryimage"},"image":{"@id":"https:\/\/coachconsult.as\/index.php\/mesmerize\/#primaryimage"},"thumbnailUrl":"https:\/\/coachconsult.as\/wp-content\/uploads\/2020\/08\/cropped-May-Britt-Slaaen-199x300-1.jpg","datePublished":"2020-08-05T20:37:29+00:00","dateModified":"2025-08-25T19:30:07+00:00","description":"CoachConsult tilbyr coaching, lederutvikling, r\u00e5dgivning, mentoring og konsulenttjenester knyttet til blant annet karriere og omstilling.","breadcrumb":{"@id":"https:\/\/coachconsult.as\/index.php\/mesmerize\/#breadcrumb"},"inLanguage":"nb-NO","potentialAction":[{"@type":"ReadAction","target":["https:\/\/coachconsult.as\/index.php\/mesmerize\/"]}]},{"@type":"ImageObject","inLanguage":"nb-NO","@id":"https:\/\/coachconsult.as\/index.php\/mesmerize\/#primaryimage","url":"https:\/\/i0.wp.com\/coachconsult.as\/wp-content\/uploads\/2020\/08\/cropped-May-Britt-Slaaen-199x300-1.jpg?fit=199%2C254&ssl=1","contentUrl":"https:\/\/i0.wp.com\/coachconsult.as\/wp-content\/uploads\/2020\/08\/cropped-May-Britt-Slaaen-199x300-1.jpg?fit=199%2C254&ssl=1","width":199,"height":254},{"@type":"BreadcrumbList","@id":"https:\/\/coachconsult.as\/index.php\/mesmerize\/#breadcrumb","itemListElement":[{"@type":"ListItem","position":1,"name":"Hjem","item":"https:\/\/coachconsult.as\/"},{"@type":"ListItem","position":2,"name":"Om CoachConsult"}]},{"@type":"WebSite","@id":"https:\/\/coachconsult.as\/#website","url":"https:\/\/coachconsult.as\/","name":"CoachConsult - team- og lederutvikling","description":"","publisher":{"@id":"https:\/\/coachconsult.as\/#organization"},"potentialAction":[{"@type":"SearchAction","target":{"@type":"EntryPoint","urlTemplate":"https:\/\/coachconsult.as\/?s={search_term_string}"},"query-input":{"@type":"PropertyValueSpecification","valueRequired":true,"valueName":"search_term_string"}}],"inLanguage":"nb-NO"},{"@type":"Organization","@id":"https:\/\/coachconsult.as\/#organization","name":"CoachConsult","url":"https:\/\/coachconsult.as\/","logo":{"@type":"ImageObject","inLanguage":"nb-NO","@id":"https:\/\/coachconsult.as\/#\/schema\/logo\/image\/","url":"https:\/\/coachconsult.as\/wp-content\/uploads\/2020\/08\/cropped-cropped-cropped-logo-1024-500-e1596645785879-2.jpg","contentUrl":"https:\/\/coachconsult.as\/wp-content\/uploads\/2020\/08\/cropped-cropped-cropped-logo-1024-500-e1596645785879-2.jpg","width":314,"height":69,"caption":"CoachConsult"},"image":{"@id":"https:\/\/coachconsult.as\/#\/schema\/logo\/image\/"},"sameAs":["https:\/\/www.facebook.com\/coachconsultas","https:\/\/x.com\/consult_coach","https:\/\/www.instagram.com\/coachconsultmaybritt\/","https:\/\/www.linkedin.com\/in\/may-britt-slaaen-704260\/"]}]}},"jetpack_sharing_enabled":true,"jetpack-related-posts":[],"_links":{"self":[{"href":"https:\/\/coachconsult.as\/index.php\/wp-json\/wp\/v2\/pages\/62","targetHints":{"allow":["GET"]}}],"collection":[{"href":"https:\/\/coachconsult.as\/index.php\/wp-json\/wp\/v2\/pages"}],"about":[{"href":"https:\/\/coachconsult.as\/index.php\/wp-json\/wp\/v2\/types\/page"}],"author":[{"embeddable":true,"href":"https:\/\/coachconsult.as\/index.php\/wp-json\/wp\/v2\/users\/1"}],"replies":[{"embeddable":true,"href":"https:\/\/coachconsult.as\/index.php\/wp-json\/wp\/v2\/comments?post=62"}],"version-history":[{"count":24,"href":"https:\/\/coachconsult.as\/index.php\/wp-json\/wp\/v2\/pages\/62\/revisions"}],"predecessor-version":[{"id":448,"href":"https:\/\/coachconsult.as\/index.php\/wp-json\/wp\/v2\/pages\/62\/revisions\/448"}],"wp:attachment":[{"href":"https:\/\/coachconsult.as\/index.php\/wp-json\/wp\/v2\/media?parent=62"}],"curies":[{"name":"wp","href":"https:\/\/api.w.org\/{rel}","templated":true}]}}